{"id":3431,"date":"2016-10-19T00:00:00","date_gmt":"2016-10-18T21:00:00","guid":{"rendered":"https:\/\/chemistry-studio.com\/ro\/lookbook-aw-1617"},"modified":"2018-01-23T08:18:34","modified_gmt":"2018-01-23T06:18:34","slug":"lookbook-aw-1617-crypto","status":"publish","type":"page","link":"https:\/\/www.chemistry-studio.com\/ro\/lookbook-aw-1617-crypto","title":{"rendered":"lookbook aw 16\/17 &#8211; [Crypto]"},"content":{"rendered":"<div class=\"wpb-content-wrapper\"><p>[vc_row css=&#8221;.vc_custom_1433363493084{padding-top: 8% !important;}&#8221; background_style=&#8221;normal&#8221;][vc_column][vc_column_text css=&#8221;.vc_custom_Mon Oct 31 2016 21:48:02 GMT+0200 (GTB Standard Time){margin-bottom: 25px !important;}&#8221;]<\/p>\n<h3 style=\"text-align: center;\"><strong>[Crypto]<\/strong><\/h3>\n<p>[\/vc_column_text][vc_row_inner type=&#8221;boxed&#8221; css=&#8221;.vc_custom_1413281660548{padding-bottom: 30px !important;}&#8221;][vc_column_inner width=&#8221;1\/6&#8243;][vc_empty_space height=&#8221;1px&#8221;][\/vc_column_inner][vc_column_inner width=&#8221;2\/3&#8243;][vc_column_text]<\/p>\n<p style=\"text-align: center;\" align=\"center\"><strong><span style=\"color: #333333;\">[Crypto]<\/span><\/strong><span style=\"color: #333333;\">\u00a0are o sursa de inspiratie atipica si fascinanta deopotriva &#8211;\u00a0<strong>jocul de lumini si umbre proiectat in lamelele ciupercilor<\/strong>, reprezentat aici prin pliseuri si falduri si prin nuantele de bej, roz, culoarea untului, maro si negru. Gama cromatica este completata in mod firesc de rosu si portocaliu, culori specifice pentru anumite familii de ciuperci, dar si de bleu si galben, reprezentand cerul si soarele, doua elemente esentiale pentru jocul de lumini si umbre.<\/span><\/p>\n<p style=\"text-align: center;\">Numele colectiei, inspirat dintr-un poem celebru al lui Ion Barbu,\u00a0are la baza termenul grecesc \u201ecryptos\u201d, care inseamna \u201etainuit\u201d sau \u201eascuns\u201d, termeni care definesc mediul existential al ciupercii si care, totodata, ne duc cu gandul la trupul femeii, care in sezonul rece este acoperit de haine, ascuns privirii, dar a carui senzualitate cauta in continuare modalitati de exprimare.<\/p>\n<p>[\/vc_column_text][\/vc_column_inner][vc_column_inner width=&#8221;1\/6&#8243;]<br \/>\n[\/vc_column_inner][\/vc_row_inner][vc_row_inner type=&#8221;boxed&#8221;][vc_column_inner][vc_column_text]<\/p>\n\n<p>[\/vc_column_text][\/vc_column_inner][\/vc_row_inner][\/vc_column][\/vc_row]<\/p>\n<\/div>","protected":false},"excerpt":{"rendered":"<p>[vc_row css=&#8221;.vc_custom_1433363493084{padding-top: 8% !important;}&#8221; background_style=&#8221;normal&#8221;][vc_column][vc_column_text css=&#8221;.vc_custom_Mon Oct 31 2016 21:48:02 GMT+0200 (GTB Standard Time){margin-bottom: 25px !important;}&#8221;] [Crypto] [\/vc_column_text][vc_row_inner type=&#8221;boxed&#8221; css=&#8221;.vc_custom_1413281660548{padding-bottom: 30px !important;}&#8221;][vc_column_inner width=&#8221;1\/6&#8243;][vc_empty_space height=&#8221;1px&#8221;][\/vc_column_inner][vc_column_inner width=&#8221;2\/3&#8243;][vc_column_text] [Crypto]\u00a0are o sursa de inspiratie atipica si fascinanta deopotriva &#8211;\u00a0jocul de lumini si umbre proiectat in lamelele ciupercilor, reprezentat aici prin pliseuri si falduri si prin nuantele de bej, roz, [&hellip;]<\/p>\n","protected":false},"author":1,"featured_media":0,"parent":0,"menu_order":0,"comment_status":"closed","ping_status":"open","template":"","meta":{"_exactmetrics_skip_tracking":false,"_exactmetrics_sitenote_active":false,"_exactmetrics_sitenote_note":"","_exactmetrics_sitenote_category":0,"jetpack_post_was_ever_published":false,"footnotes":""},"page_tag":[],"class_list":["post-3431","page","type-page","status-publish","hentry"],"yoast_head":"<!-- This site is optimized with the Yoast SEO plugin v27.4 - https:\/\/yoast.com\/product\/yoast-seo-wordpress\/ -->\n<title>lookbook aw 16\/17 - [Crypto] - Chemistry Studio\u00a9<\/title>\n<meta name=\"description\" content=\"[Crypto] are o surs\u0103 de inspira\u0163ie atipic\u0103 \u015fi fascinant\u0103 deopotriv\u0103 - jocul de lumini \u015fi umbre proiectat \u00een lamelele ciupercilor, reprezentat aici prin...\" \/>\n<meta name=\"robots\" content=\"index, follow, max-snippet:-1, max-image-preview:large, max-video-preview:-1\" \/>\n<link rel=\"canonical\" href=\"https:\/\/www.chemistry-studio.com\/ro\/lookbook-aw-1617-crypto\" \/>\n<script type=\"application\/ld+json\" class=\"yoast-schema-graph\">{\"@context\":\"https:\\\/\\\/schema.org\",\"@graph\":[{\"@type\":\"BreadcrumbList\",\"@id\":\"https:\\\/\\\/www.chemistry-studio.com\\\/ro\\\/lookbook-aw-1617-crypto#breadcrumb\",\"itemListElement\":[{\"@type\":\"ListItem\",\"position\":1,\"name\":\"Home\",\"item\":\"https:\\\/\\\/www.chemistry-studio.com\\\/ro\"},{\"@type\":\"ListItem\",\"position\":2,\"name\":\"lookbook aw 16\\\/17 &#8211; [Crypto]\"}]}]}<\/script>\n<!-- \/ Yoast SEO plugin. -->","yoast_head_json":{"title":"lookbook aw 16\/17 - [Crypto] - Chemistry Studio\u00a9","description":"[Crypto] are o surs\u0103 de inspira\u0163ie atipic\u0103 \u015fi fascinant\u0103 deopotriv\u0103 - jocul de lumini \u015fi umbre proiectat \u00een lamelele ciupercilor, reprezentat aici prin...","robots":{"index":"index","follow":"follow","max-snippet":"max-snippet:-1","max-image-preview":"max-image-preview:large","max-video-preview":"max-video-preview:-1"},"canonical":"https:\/\/www.chemistry-studio.com\/ro\/lookbook-aw-1617-crypto","schema":{"@context":"https:\/\/schema.org","@graph":[{"@type":"BreadcrumbList","@id":"https:\/\/www.chemistry-studio.com\/ro\/lookbook-aw-1617-crypto#breadcrumb","itemListElement":[{"@type":"ListItem","position":1,"name":"Home","item":"https:\/\/www.chemistry-studio.com\/ro"},{"@type":"ListItem","position":2,"name":"lookbook aw 16\/17 &#8211; [Crypto]"}]}]}},"jetpack_sharing_enabled":true,"_links":{"self":[{"href":"https:\/\/www.chemistry-studio.com\/ro\/wp-json\/wp\/v2\/pages\/3431","targetHints":{"allow":["GET"]}}],"collection":[{"href":"https:\/\/www.chemistry-studio.com\/ro\/wp-json\/wp\/v2\/pages"}],"about":[{"href":"https:\/\/www.chemistry-studio.com\/ro\/wp-json\/wp\/v2\/types\/page"}],"author":[{"embeddable":true,"href":"https:\/\/www.chemistry-studio.com\/ro\/wp-json\/wp\/v2\/users\/1"}],"replies":[{"embeddable":true,"href":"https:\/\/www.chemistry-studio.com\/ro\/wp-json\/wp\/v2\/comments?post=3431"}],"version-history":[{"count":8,"href":"https:\/\/www.chemistry-studio.com\/ro\/wp-json\/wp\/v2\/pages\/3431\/revisions"}],"predecessor-version":[{"id":5376,"href":"https:\/\/www.chemistry-studio.com\/ro\/wp-json\/wp\/v2\/pages\/3431\/revisions\/5376"}],"wp:attachment":[{"href":"https:\/\/www.chemistry-studio.com\/ro\/wp-json\/wp\/v2\/media?parent=3431"}],"wp:term":[{"taxonomy":"page_tag","embeddable":true,"href":"https:\/\/www.chemistry-studio.com\/ro\/wp-json\/wp\/v2\/page_tag?post=3431"}],"curies":[{"name":"wp","href":"https:\/\/api.w.org\/{rel}","templated":true}]}}